{"id":22,"date":"2016-04-21T19:08:37","date_gmt":"2016-04-21T17:08:37","guid":{"rendered":"https:\/\/wartungsmonteur.de\/?page_id=22"},"modified":"2018-05-06T19:37:00","modified_gmt":"2018-05-06T17:37:00","slug":"impressum","status":"publish","type":"page","link":"https:\/\/wartungsmonteur.de\/?page_id=22","title":{"rendered":"Impressum"},"content":{"rendered":"<p><!-- hide first-of-type in simple theme --><\/p>\n<p><strong>Verantwortlich f\u00fcr den Inhalt dieser Webseite gem\u00e4\u00df \u00a75 TMG und \u00a755 Abs. 2 RStV:<\/strong><\/p>\n<p>Michael Zei\u00df<br \/>\nKurze Gasse 9<br \/>\nD-01896 Ohorn<\/p>\n<p><strong>Kontakt:<\/strong><\/p>\n<div class=\"table\">\n<div>\n<div>E-Mail <a href=\"&#x6d;&#x61;&#x69;&#x6c;&#x74;&#x6f;&#x3a;&#x69;&#110;&#102;&#111;&#64;&#119;&#97;&#114;tung&#x73;&#x6d;&#x6f;&#x6e;&#x74;&#x65;&#x75;&#x72;&#x2e;&#100;&#101;\">&#x69;&#x6e;&#102;&#111;&#64;&#x77;&#x61;&#x72;&#116;un&#x67;&#x73;&#109;&#111;n&#x74;&#x65;&#x75;&#114;&#46;d&#x65;<\/a><\/div>\n<\/div>\n<div>\n<div>Telefon 035955 579143<\/div>\n<\/div>\n<div>\n<div>Fax 035955 579144<\/div>\n<\/div>\n<div>\n<div>\n<div><\/div>\n<\/div>\n<\/div>\n<div>\n<div>Steuernummer 213 \/ 292 \/ 05778<\/div>\n<\/div>\n<div>\n<div>USt-IdNr. DE 224550426<\/div>\n<\/div>\n<div>\n<div>Finanzamt Hoyerswerda<\/div>\n<\/div>\n<\/div>\n<hr \/>\n<h3>Haftungsausschluss (Disclaimer)<\/h3>\n<p><strong>Haftung f\u00fcr Inhalte<\/strong><\/p>\n<p>Als Diensteanbieter sind wir gem\u00e4\u00df \u00a7 7 Abs.1 TMG f\u00fcr eigene Inhalte auf diesen Seiten nach den allgemeinen Gesetzen verantwortlich. Nach \u00a7\u00a7 8 bis 10 TMG sind wir als Diensteanbieter jedoch nicht verpflichtet, \u00fcbermittelte oder gespeicherte fremde Informationen zu \u00fcberwachen oder nach Umst\u00e4nden zu forschen, die auf eine rechtswidrige T\u00e4tigkeit hinweisen. Verpflichtungen zur Entfernung oder Sperrung der Nutzung von Informationen nach den allgemeinen Gesetzen bleiben hiervon unber\u00fchrt. Eine diesbez\u00fcgliche Haftung ist jedoch erst ab dem Zeitpunkt der Kenntnis einer konkreten Rechtsverletzung m\u00f6glich. Bei Bekanntwerden von entsprechenden Rechtsverletzungen werden wir diese Inhalte umgehend entfernen.<\/p>\n<p><strong>Haftung f\u00fcr Links<\/strong><\/p>\n<p>Unser Angebot enth\u00e4lt Links zu externen Webseiten Dritter, auf deren Inhalte wir keinen Einfluss haben. Deshalb k\u00f6nnen wir f\u00fcr diese fremden Inhalte auch keine Gew\u00e4hr \u00fcbernehmen. F\u00fcr die Inhalte der verlinkten Seiten ist stets der jeweilige Anbieter oder Betreiber der Seiten verantwortlich. Die verlinkten Seiten wurden zum Zeitpunkt der Verlinkung auf m\u00f6gliche Rechtsverst\u00f6\u00dfe \u00fcberpr\u00fcft. Rechtswidrige Inhalte waren zum Zeitpunkt der Verlinkung nicht erkennbar. Eine permanente inhaltliche Kontrolle der verlinkten Seiten ist jedoch ohne konkrete Anhaltspunkte einer Rechtsverletzung nicht zumutbar. Bei Bekanntwerden von Rechtsverletzungen werden wir derartige Links umgehend entfernen.<\/p>\n<p><strong>Urheberrecht<\/strong><\/p>\n<p>Die durch die Seitenbetreiber erstellten Inhalte und Werke auf diesen Seiten unterliegen dem deutschen Urheberrecht. Die Vervielf\u00e4ltigung, Bearbeitung, Verbreitung und jede Art der Verwertung au\u00dferhalb der Grenzen des Urheberrechtes bed\u00fcrfen der schriftlichen Zustimmung des jeweiligen Autors bzw. Erstellers. Downloads und Kopien dieser Seite sind nur f\u00fcr den privaten, nicht kommerziellen Gebrauch gestattet. Soweit die Inhalte auf dieser Seite nicht vom Betreiber erstellt wurden, werden die Urheberrechte Dritter beachtet. Insbesondere werden Inhalte Dritter als solche gekennzeichnet. Sollten Sie trotzdem auf eine Urheberrechtsverletzung aufmerksam werden, bitten wir um einen entsprechenden Hinweis. Bei Bekanntwerden von Rechtsverletzungen werden wir derartige Inhalte umgehend entfernen.<\/p>\n","protected":false},"excerpt":{"rendered":"<p>Verantwortlich f\u00fcr den Inhalt dieser Webseite gem\u00e4\u00df \u00a75 TMG und \u00a755 Abs. 2 RStV: Michael Zei\u00df Kurze Gasse 9 D-01896 Ohorn Kontakt: E-Mail &#105;&#110;&#x66;&#x6f;&#64;&#119;&#x61;&#x72;&#116;&#117;&#x6e;&#x67;&#115;&#109;&#x6f;&#x6e;&#116;&#101;&#x75;&#x72;&#46;&#100;&#x65; Telefon 035955 579143 Fax 035955 579144 Steuernummer 213 \/ 292 \/ 05778 USt-IdNr. DE 224550426 Finanzamt Hoyerswerda Haftungsausschluss (Disclaimer) Haftung f\u00fcr Inhalte Als Diensteanbieter sind wir<\/p>\n","protected":false},"author":1,"featured_media":0,"parent":0,"menu_order":0,"comment_status":"closed","ping_status":"closed","template":"","meta":[],"_links":{"self":[{"href":"https:\/\/wartungsmonteur.de\/index.php?rest_route=\/wp\/v2\/pages\/22"}],"collection":[{"href":"https:\/\/wartungsmonteur.de\/index.php?rest_route=\/wp\/v2\/pages"}],"about":[{"href":"https:\/\/wartungsmonteur.de\/index.php?rest_route=\/wp\/v2\/types\/page"}],"author":[{"embeddable":true,"href":"https:\/\/wartungsmonteur.de\/index.php?rest_route=\/wp\/v2\/users\/1"}],"replies":[{"embeddable":true,"href":"https:\/\/wartungsmonteur.de\/index.php?rest_route=%2Fwp%2Fv2%2Fcomments&post=22"}],"version-history":[{"count":7,"href":"https:\/\/wartungsmonteur.de\/index.php?rest_route=\/wp\/v2\/pages\/22\/revisions"}],"predecessor-version":[{"id":367,"href":"https:\/\/wartungsmonteur.de\/index.php?rest_route=\/wp\/v2\/pages\/22\/revisions\/367"}],"wp:attachment":[{"href":"https:\/\/wartungsmonteur.de\/index.php?rest_route=%2Fwp%2Fv2%2Fmedia&parent=22"}],"curies":[{"name":"wp","href":"https:\/\/api.w.org\/{rel}","templated":true}]}}